{"id":8,"date":"2026-01-28T14:23:55","date_gmt":"2026-01-28T14:23:55","guid":{"rendered":"http:\/\/aide-migrants.eu\/?page_id=8"},"modified":"2026-02-01T22:12:14","modified_gmt":"2026-02-01T22:12:14","slug":"haakilo-aide-aux-migrants-en-europe","status":"publish","type":"page","link":"https:\/\/aide-migrants.eu\/","title":{"rendered":"HAAKILO \u2013 Plateforme d\u2019innovation et d\u2019intelligence africaine"},"content":{"rendered":"\n<figure class=\"wp-block-image size-large is-resized\"><img loading=\"lazy\" decoding=\"async\" width=\"683\" height=\"1024\" src=\"https:\/\/aide-migrants.eu\/wp-content\/uploads\/2026\/01\/E2FFE43E-AC2B-4376-8E20-1ABF91D350A3-2-683x1024.jpg\" alt=\"\" class=\"wp-image-34\" style=\"aspect-ratio:0.6670005978445281;width:177px;height:auto\" srcset=\"https:\/\/aide-migrants.eu\/wp-content\/uploads\/2026\/01\/E2FFE43E-AC2B-4376-8E20-1ABF91D350A3-2-683x1024.jpg 683w, https:\/\/aide-migrants.eu\/wp-content\/uploads\/2026\/01\/E2FFE43E-AC2B-4376-8E20-1ABF91D350A3-2-200x300.jpg 200w, https:\/\/aide-migrants.eu\/wp-content\/uploads\/2026\/01\/E2FFE43E-AC2B-4376-8E20-1ABF91D350A3-2-768x1152.jpg 768w, https:\/\/aide-migrants.eu\/wp-content\/uploads\/2026\/01\/E2FFE43E-AC2B-4376-8E20-1ABF91D350A3-2.jpg 1024w\" sizes=\"auto, (max-width: 683px) 100vw, 683px\" \/><\/figure>\n\n\n\n<p>                                          <strong> <\/strong><\/p>\n\n\n\n<p><\/p>\n\n\n\n<pre class=\"wp-block-code\"><code>HAAKILO \u2013 Intelligence artificielle africaine<\/code><\/pre>\n\n\n\n<figure class=\"wp-block-image size-large\"><img loading=\"lazy\" decoding=\"async\" width=\"1024\" height=\"683\" src=\"https:\/\/aide-migrants.eu\/wp-content\/uploads\/2026\/01\/2072BD92-1AAE-4BC0-8362-634CDF8E608A-1-1024x683.jpg\" alt=\"\" class=\"wp-image-29\" srcset=\"https:\/\/aide-migrants.eu\/wp-content\/uploads\/2026\/01\/2072BD92-1AAE-4BC0-8362-634CDF8E608A-1-1024x683.jpg 1024w, https:\/\/aide-migrants.eu\/wp-content\/uploads\/2026\/01\/2072BD92-1AAE-4BC0-8362-634CDF8E608A-1-300x200.jpg 300w, https:\/\/aide-migrants.eu\/wp-content\/uploads\/2026\/01\/2072BD92-1AAE-4BC0-8362-634CDF8E608A-1-768x512.jpg 768w, https:\/\/aide-migrants.eu\/wp-content\/uploads\/2026\/01\/2072BD92-1AAE-4BC0-8362-634CDF8E608A-1.jpg 1536w\" sizes=\"auto, (max-width: 1024px) 100vw, 1024px\" \/><\/figure>\n\n\n\n<p><\/p>\n\n\n\n<p><\/p>\n\n\n\n<p><\/p>\n\n\n\n<p><\/p>\n\n\n\n<p><\/p>\n\n\n\n<div class=\"wp-block-group alignfull is-layout-constrained wp-container-core-group-is-layout-0c9c989a wp-block-group-is-layout-constrained\" style=\"min-height:0vh;margin-top:0;margin-bottom:0;padding-top:var(--wp--preset--spacing--70);padding-right:var(--wp--preset--spacing--40);padding-bottom:var(--wp--preset--spacing--70);padding-left:var(--wp--preset--spacing--40)\">\n<div class=\"wp-block-group is-layout-constrained wp-container-core-group-is-layout-346627ba wp-block-group-is-layout-constrained\">\n<p>HAAKILO est la premi\u00e8re intelligence artificielle africaine ind\u00e9pendante.Elle a pour mission d\u2019informer, d\u2019\u00e9duquer, d\u2019orienter et de prot\u00e9ger<br>les peuples africains et la diaspora.<\/p>\n\n\n\n<p class=\"has-text-align-center\">HAAKILO accompagne :<br>\u2013 les enfants et les \u00e9l\u00e8ves dans leurs devoirs<br>\u2013 les \u00e9tudiants dans leurs recherches<br>\u2013 les familles dans leurs d\u00e9marches administratives<br>\u2013 les migrants dans l\u2019orientation et l\u2019information<br>\u2013 toute personne qui cherche \u00e0 comprendre l\u2019Afrique, la Guin\u00e9e et le monde<\/p>\n<\/div>\n<\/div>\n\n\n\n<div class=\"wp-block-group alignwide is-layout-constrained wp-block-group-is-layout-constrained\" style=\"margin-top:0;margin-bottom:0;padding-top:var(--wp--preset--spacing--60);padding-bottom:var(--wp--preset--spacing--60)\">\n<p><br><\/p>\n\n\n\n<div class='mwai-chatbot-container' data-params='{&quot;aiName&quot;:&quot;HAAKILO&quot;,&quot;userName&quot;:&quot;User:&quot;,&quot;guestName&quot;:&quot;Guest:&quot;,&quot;aiAvatar&quot;:true,&quot;userAvatar&quot;:false,&quot;guestAvatar&quot;:false,&quot;aiAvatarUrl&quot;:&quot;avatar-woman-doctor.svg&quot;,&quot;guestAvatarUrl&quot;:&quot;avatar-woman-doctor.svg&quot;,&quot;textSend&quot;:&quot;Envoyer&quot;,&quot;textClear&quot;:&quot;Clear&quot;,&quot;imageUpload&quot;:true,&quot;fileUpload&quot;:true,&quot;multiUpload&quot;:false,&quot;maxUploads&quot;:1,&quot;fileUploads&quot;:1,&quot;mode&quot;:&quot;chat&quot;,&quot;textInputPlaceholder&quot;:&quot;&quot;,&quot;textInputMaxLength&quot;:6000,&quot;textCompliance&quot;:&quot;&quot;,&quot;startSentence&quot;:&quot;&quot;,&quot;localMemory&quot;:true,&quot;themeId&quot;:&quot;chatgpt&quot;,&quot;window&quot;:true,&quot;icon&quot;:&quot;&quot;,&quot;iconText&quot;:&quot;&quot;,&quot;iconTextDelay&quot;:1,&quot;iconAlt&quot;:&quot;AI Engine Chatbot&quot;,&quot;iconPosition&quot;:&quot;bottom-right&quot;,&quot;centerOpen&quot;:false,&quot;width&quot;:&quot;&quot;,&quot;openDelay&quot;:&quot;&quot;,&quot;iconBubble&quot;:false,&quot;windowAnimation&quot;:&quot;none&quot;,&quot;fullscreen&quot;:true,&quot;copyButton&quot;:false,&quot;headerSubtitle&quot;:&quot;HAAKILO&quot;,&quot;popupTitle&quot;:&quot;HAAKILO&quot;,&quot;containerType&quot;:&quot;standard&quot;,&quot;headerType&quot;:&quot;standard&quot;,&quot;messagesType&quot;:&quot;standard&quot;,&quot;inputType&quot;:&quot;standard&quot;,&quot;footerType&quot;:&quot;standard&quot;}' data-system='{&quot;botId&quot;:&quot;default&quot;,&quot;customId&quot;:null,&quot;userData&quot;:null,&quot;sessionId&quot;:&quot;69d68ffd21a0e&quot;,&quot;restNonce&quot;:null,&quot;contextId&quot;:8,&quot;pluginUrl&quot;:&quot;https:\\\/\\\/aide-migrants.eu\\\/wp-content\\\/plugins\\\/ai-engine-pro\\\/&quot;,&quot;restUrl&quot;:&quot;https:\\\/\\\/aide-migrants.eu\\\/index.php\\\/wp-json&quot;,&quot;stream&quot;:true,&quot;debugMode&quot;:false,&quot;eventLogs&quot;:false,&quot;speech_recognition&quot;:false,&quot;speech_synthesis&quot;:false,&quot;typewriter&quot;:false,&quot;crossSite&quot;:false,&quot;actions&quot;:[],&quot;blocks&quot;:[],&quot;shortcuts&quot;:[]}' data-theme='{&quot;type&quot;:&quot;internal&quot;,&quot;name&quot;:&quot;ChatGPT&quot;,&quot;themeId&quot;:&quot;chatgpt&quot;,&quot;settings&quot;:{&quot;accentColor&quot;:&quot;#2563eb&quot;},&quot;style&quot;:&quot;&quot;,&quot;cssUrl&quot;:&quot;https:\\\/\\\/aide-migrants.eu\\\/wp-content\\\/plugins\\\/ai-engine-pro\\\/themes\\\/chatgpt.css&quot;}'><\/div>\n\n\n\n<div class='mwai-chatbot-container' data-params='{&quot;aiName&quot;:&quot;HAAKILO&quot;,&quot;userName&quot;:&quot;User:&quot;,&quot;guestName&quot;:&quot;Guest:&quot;,&quot;aiAvatar&quot;:true,&quot;userAvatar&quot;:false,&quot;guestAvatar&quot;:false,&quot;aiAvatarUrl&quot;:&quot;avatar-woman-doctor.svg&quot;,&quot;guestAvatarUrl&quot;:&quot;avatar-woman-doctor.svg&quot;,&quot;textSend&quot;:&quot;Envoyer&quot;,&quot;textClear&quot;:&quot;Clear&quot;,&quot;imageUpload&quot;:true,&quot;fileUpload&quot;:true,&quot;multiUpload&quot;:false,&quot;maxUploads&quot;:1,&quot;fileUploads&quot;:1,&quot;mode&quot;:&quot;chat&quot;,&quot;textInputPlaceholder&quot;:&quot;&quot;,&quot;textInputMaxLength&quot;:6000,&quot;textCompliance&quot;:&quot;&quot;,&quot;startSentence&quot;:&quot;&quot;,&quot;localMemory&quot;:true,&quot;themeId&quot;:&quot;chatgpt&quot;,&quot;window&quot;:true,&quot;icon&quot;:&quot;&quot;,&quot;iconText&quot;:&quot;&quot;,&quot;iconTextDelay&quot;:1,&quot;iconAlt&quot;:&quot;AI Engine Chatbot&quot;,&quot;iconPosition&quot;:&quot;bottom-right&quot;,&quot;centerOpen&quot;:false,&quot;width&quot;:&quot;&quot;,&quot;openDelay&quot;:&quot;&quot;,&quot;iconBubble&quot;:false,&quot;windowAnimation&quot;:&quot;none&quot;,&quot;fullscreen&quot;:true,&quot;copyButton&quot;:false,&quot;headerSubtitle&quot;:&quot;HAAKILO&quot;,&quot;popupTitle&quot;:&quot;HAAKILO&quot;,&quot;containerType&quot;:&quot;standard&quot;,&quot;headerType&quot;:&quot;standard&quot;,&quot;messagesType&quot;:&quot;standard&quot;,&quot;inputType&quot;:&quot;standard&quot;,&quot;footerType&quot;:&quot;standard&quot;}' data-system='{&quot;botId&quot;:&quot;default&quot;,&quot;customId&quot;:null,&quot;userData&quot;:null,&quot;sessionId&quot;:&quot;69d68ffd21aeb&quot;,&quot;restNonce&quot;:null,&quot;contextId&quot;:8,&quot;pluginUrl&quot;:&quot;https:\\\/\\\/aide-migrants.eu\\\/wp-content\\\/plugins\\\/ai-engine-pro\\\/&quot;,&quot;restUrl&quot;:&quot;https:\\\/\\\/aide-migrants.eu\\\/index.php\\\/wp-json&quot;,&quot;stream&quot;:true,&quot;debugMode&quot;:false,&quot;eventLogs&quot;:false,&quot;speech_recognition&quot;:false,&quot;speech_synthesis&quot;:false,&quot;typewriter&quot;:false,&quot;crossSite&quot;:false,&quot;actions&quot;:[],&quot;blocks&quot;:[],&quot;shortcuts&quot;:[]}' data-theme='{&quot;type&quot;:&quot;internal&quot;,&quot;name&quot;:&quot;ChatGPT&quot;,&quot;themeId&quot;:&quot;chatgpt&quot;,&quot;settings&quot;:{&quot;accentColor&quot;:&quot;#2563eb&quot;},&quot;style&quot;:&quot;&quot;,&quot;cssUrl&quot;:&quot;https:\\\/\\\/aide-migrants.eu\\\/wp-content\\\/plugins\\\/ai-engine-pro\\\/themes\\\/chatgpt.css&quot;}'><\/div>\n\n\n\n<div class='mwai-chatbot-container' data-params='{&quot;aiName&quot;:&quot;HAAKILO&quot;,&quot;userName&quot;:&quot;User:&quot;,&quot;guestName&quot;:&quot;Guest:&quot;,&quot;aiAvatar&quot;:true,&quot;userAvatar&quot;:false,&quot;guestAvatar&quot;:false,&quot;aiAvatarUrl&quot;:&quot;avatar-woman-doctor.svg&quot;,&quot;guestAvatarUrl&quot;:&quot;avatar-woman-doctor.svg&quot;,&quot;textSend&quot;:&quot;Envoyer&quot;,&quot;textClear&quot;:&quot;Clear&quot;,&quot;imageUpload&quot;:true,&quot;fileUpload&quot;:true,&quot;multiUpload&quot;:false,&quot;maxUploads&quot;:1,&quot;fileUploads&quot;:1,&quot;mode&quot;:&quot;chat&quot;,&quot;textInputPlaceholder&quot;:&quot;&quot;,&quot;textInputMaxLength&quot;:6000,&quot;textCompliance&quot;:&quot;&quot;,&quot;startSentence&quot;:&quot;&quot;,&quot;localMemory&quot;:true,&quot;themeId&quot;:&quot;chatgpt&quot;,&quot;window&quot;:true,&quot;icon&quot;:&quot;&quot;,&quot;iconText&quot;:&quot;&quot;,&quot;iconTextDelay&quot;:1,&quot;iconAlt&quot;:&quot;AI Engine Chatbot&quot;,&quot;iconPosition&quot;:&quot;bottom-right&quot;,&quot;centerOpen&quot;:false,&quot;width&quot;:&quot;&quot;,&quot;openDelay&quot;:&quot;&quot;,&quot;iconBubble&quot;:false,&quot;windowAnimation&quot;:&quot;none&quot;,&quot;fullscreen&quot;:true,&quot;copyButton&quot;:false,&quot;headerSubtitle&quot;:&quot;HAAKILO&quot;,&quot;popupTitle&quot;:&quot;HAAKILO&quot;,&quot;containerType&quot;:&quot;standard&quot;,&quot;headerType&quot;:&quot;standard&quot;,&quot;messagesType&quot;:&quot;standard&quot;,&quot;inputType&quot;:&quot;standard&quot;,&quot;footerType&quot;:&quot;standard&quot;}' data-system='{&quot;botId&quot;:&quot;default&quot;,&quot;customId&quot;:null,&quot;userData&quot;:null,&quot;sessionId&quot;:&quot;69d68ffd21b7a&quot;,&quot;restNonce&quot;:null,&quot;contextId&quot;:8,&quot;pluginUrl&quot;:&quot;https:\\\/\\\/aide-migrants.eu\\\/wp-content\\\/plugins\\\/ai-engine-pro\\\/&quot;,&quot;restUrl&quot;:&quot;https:\\\/\\\/aide-migrants.eu\\\/index.php\\\/wp-json&quot;,&quot;stream&quot;:true,&quot;debugMode&quot;:false,&quot;eventLogs&quot;:false,&quot;speech_recognition&quot;:false,&quot;speech_synthesis&quot;:false,&quot;typewriter&quot;:false,&quot;crossSite&quot;:false,&quot;actions&quot;:[],&quot;blocks&quot;:[],&quot;shortcuts&quot;:[]}' data-theme='{&quot;type&quot;:&quot;internal&quot;,&quot;name&quot;:&quot;ChatGPT&quot;,&quot;themeId&quot;:&quot;chatgpt&quot;,&quot;settings&quot;:{&quot;accentColor&quot;:&quot;#2563eb&quot;},&quot;style&quot;:&quot;&quot;,&quot;cssUrl&quot;:&quot;https:\\\/\\\/aide-migrants.eu\\\/wp-content\\\/plugins\\\/ai-engine-pro\\\/themes\\\/chatgpt.css&quot;}'><\/div>\n\n\n\n<p class=\"has-text-align-center\">HAAKILO est en \u00e9volution.<br>Une intelligence n\u00e9e en Afrique, pour l\u2019Afrique.<\/p>\n\n\n\n<p class=\"has-text-align-center\">Bienvenue sur HAAKILO.<\/p>\n\n\n\n<p class=\"has-text-align-center\">HAAKILO est la premi\u00e8re intelligence artificielle africaine ind\u00e9pendante,<\/p>\n\n\n\n<p class=\"has-text-align-center\">cr\u00e9\u00e9e pour informer, \u00e9duquer et orienter les peuples africains et la diaspora.<\/p>\n\n\n\n<p class=\"has-text-align-center\">Ici, vous pouvez poser vos questions sur :<\/p>\n\n\n\n<p class=\"has-text-align-center\">\u2013 les d\u00e9marches administratives<\/p>\n\n\n\n<p class=\"has-text-align-center\">\u2013 les titres de s\u00e9jour et les visas<\/p>\n\n\n\n<p class=\"has-text-align-center\">\u2013 le regroupement familial<\/p>\n\n\n\n<p class=\"has-text-align-center\">\u2013 les \u00e9tudes et l\u2019orientation scolaire<\/p>\n\n\n\n<p class=\"has-text-align-center\">\u2013 les droits des migrants<\/p>\n\n\n\n<p class=\"has-text-align-center\">\u2013 la recherche de logement et la localisation<\/p>\n\n\n\n<p class=\"has-text-align-center\">\u2013 la r\u00e9daction de courriers et documents officiels<\/p>\n\n\n\n<p class=\"has-text-align-center\">\u2013 la connaissance de la Guin\u00e9e et de l\u2019Afrique<\/p>\n\n\n\n<p class=\"has-text-align-center\">HAAKILO accompagne aussi :<\/p>\n\n\n\n<p class=\"has-text-align-center\">\u2013 les enfants dans leurs devoirs<\/p>\n\n\n\n<p class=\"has-text-align-center\">\u2013 les \u00e9tudiants dans leurs recherches<\/p>\n\n\n\n<p class=\"has-text-align-center\">\u2013 les familles dans leurs d\u00e9marches<\/p>\n\n\n\n<p class=\"has-text-align-center\">\u2013 les cr\u00e9ateurs dans leurs projets et applications<\/p>\n\n\n\n<p class=\"has-text-align-center\">HAAKILO est une intelligence n\u00e9e en Afrique,<\/p>\n\n\n\n<p class=\"has-text-align-center\">pens\u00e9e pour l\u2019Afrique et ouverte au monde.<\/p>\n\n\n\n<p><\/p>\n\n\n\n<p><\/p>\n\n\n\n<figure class=\"wp-block-image size-large\"><img loading=\"lazy\" decoding=\"async\" width=\"1024\" height=\"683\" src=\"https:\/\/aide-migrants.eu\/wp-content\/uploads\/2026\/01\/A1028BC4-F9CF-49D7-A784-590F82EE4D11-1024x683.jpg\" alt=\"\" class=\"wp-image-26\" srcset=\"https:\/\/aide-migrants.eu\/wp-content\/uploads\/2026\/01\/A1028BC4-F9CF-49D7-A784-590F82EE4D11-1024x683.jpg 1024w, https:\/\/aide-migrants.eu\/wp-content\/uploads\/2026\/01\/A1028BC4-F9CF-49D7-A784-590F82EE4D11-300x200.jpg 300w, https:\/\/aide-migrants.eu\/wp-content\/uploads\/2026\/01\/A1028BC4-F9CF-49D7-A784-590F82EE4D11-768x512.jpg 768w, https:\/\/aide-migrants.eu\/wp-content\/uploads\/2026\/01\/A1028BC4-F9CF-49D7-A784-590F82EE4D11.jpg 1536w\" sizes=\"auto, (max-width: 1024px) 100vw, 1024px\" \/><\/figure>\n<\/div>\n\n\n\n<figure class=\"wp-block-image size-large\"><img loading=\"lazy\" decoding=\"async\" width=\"683\" height=\"1024\" src=\"https:\/\/aide-migrants.eu\/wp-content\/uploads\/2026\/01\/E2FFE43E-AC2B-4376-8E20-1ABF91D350A3-1-683x1024.jpg\" alt=\"\" class=\"wp-image-33\" srcset=\"https:\/\/aide-migrants.eu\/wp-content\/uploads\/2026\/01\/E2FFE43E-AC2B-4376-8E20-1ABF91D350A3-1-683x1024.jpg 683w, https:\/\/aide-migrants.eu\/wp-content\/uploads\/2026\/01\/E2FFE43E-AC2B-4376-8E20-1ABF91D350A3-1-200x300.jpg 200w, https:\/\/aide-migrants.eu\/wp-content\/uploads\/2026\/01\/E2FFE43E-AC2B-4376-8E20-1ABF91D350A3-1-768x1152.jpg 768w, https:\/\/aide-migrants.eu\/wp-content\/uploads\/2026\/01\/E2FFE43E-AC2B-4376-8E20-1ABF91D350A3-1.jpg 1024w\" sizes=\"auto, (max-width: 683px) 100vw, 683px\" \/><\/figure>\n\n\n\n<p><\/p>\n","protected":false},"excerpt":{"rendered":"<p>HAAKILO est la premi\u00e8re intelligence artificielle africaine ind\u00e9pendante.Elle a pour mission d\u2019informer, d\u2019\u00e9duquer, d\u2019orienter et de prot\u00e9gerles peuples africains et la diaspora. HAAKILO accompagne :\u2013 les enfants et les \u00e9l\u00e8ves dans leurs devoirs\u2013 les \u00e9tudiants dans leurs recherches\u2013 les familles dans leurs d\u00e9marches administratives\u2013 les migrants dans l\u2019orientation et l\u2019information\u2013 toute personne qui cherche \u00e0 [&hellip;]<\/p>\n","protected":false},"author":1,"featured_media":0,"parent":0,"menu_order":0,"comment_status":"closed","ping_status":"closed","template":"","meta":{"footnotes":""},"class_list":["post-8","page","type-page","status-publish","hentry"],"yoast_head":"<!-- This site is optimized with the Yoast SEO plugin v26.9 - https:\/\/yoast.com\/product\/yoast-seo-wordpress\/ -->\n<title>HAAKILO \u2013 Plateforme d\u2019innovation et d\u2019intelligence africaine - HAAKILO<\/title>\n<meta name=\"description\" content=\"HAAKILO est une plateforme d\u2019aide aux migrants en Europe, offrant information, orientation et accompagnement pour faciliter l\u2019int\u00e9gration.\" \/>\n<meta name=\"robots\" content=\"index, follow, max-snippet:-1, max-image-preview:large, max-video-preview:-1\" \/>\n<link rel=\"canonical\" href=\"https:\/\/aide-migrants.eu\/\" \/>\n<meta property=\"og:locale\" content=\"fr_FR\" \/>\n<meta property=\"og:type\" content=\"article\" \/>\n<meta property=\"og:title\" content=\"HAAKILO \u2013 Plateforme d\u2019innovation et d\u2019intelligence africaine - HAAKILO\" \/>\n<meta property=\"og:description\" content=\"HAAKILO est une plateforme d\u2019aide aux migrants en Europe, offrant information, orientation et accompagnement pour faciliter l\u2019int\u00e9gration.\" \/>\n<meta property=\"og:url\" content=\"https:\/\/aide-migrants.eu\/\" \/>\n<meta property=\"og:site_name\" content=\"HAAKILO\" \/>\n<meta property=\"article:modified_time\" content=\"2026-02-01T22:12:14+00:00\" \/>\n<meta property=\"og:image\" content=\"https:\/\/aide-migrants.eu\/wp-content\/uploads\/2026\/01\/E2FFE43E-AC2B-4376-8E20-1ABF91D350A3-2.jpg\" \/>\n\t<meta property=\"og:image:width\" content=\"1024\" \/>\n\t<meta property=\"og:image:height\" content=\"1536\" \/>\n\t<meta property=\"og:image:type\" content=\"image\/jpeg\" \/>\n<meta name=\"twitter:card\" content=\"summary_large_image\" \/>\n<meta name=\"twitter:label1\" content=\"Dur\u00e9e de lecture estim\u00e9e\" \/>\n\t<meta name=\"twitter:data1\" content=\"2 minutes\" \/>\n<script type=\"application\/ld+json\" class=\"yoast-schema-graph\">{\"@context\":\"https:\/\/schema.org\",\"@graph\":[{\"@type\":\"WebPage\",\"@id\":\"https:\/\/aide-migrants.eu\/\",\"url\":\"https:\/\/aide-migrants.eu\/\",\"name\":\"HAAKILO \u2013 Plateforme d\u2019innovation et d\u2019intelligence africaine - HAAKILO\",\"isPartOf\":{\"@id\":\"https:\/\/aide-migrants.eu\/#website\"},\"primaryImageOfPage\":{\"@id\":\"https:\/\/aide-migrants.eu\/#primaryimage\"},\"image\":{\"@id\":\"https:\/\/aide-migrants.eu\/#primaryimage\"},\"thumbnailUrl\":\"https:\/\/aide-migrants.eu\/wp-content\/uploads\/2026\/01\/E2FFE43E-AC2B-4376-8E20-1ABF91D350A3-2-683x1024.jpg\",\"datePublished\":\"2026-01-28T14:23:55+00:00\",\"dateModified\":\"2026-02-01T22:12:14+00:00\",\"description\":\"HAAKILO est une plateforme d\u2019aide aux migrants en Europe, offrant information, orientation et accompagnement pour faciliter l\u2019int\u00e9gration.\",\"breadcrumb\":{\"@id\":\"https:\/\/aide-migrants.eu\/#breadcrumb\"},\"inLanguage\":\"fr-FR\",\"potentialAction\":[{\"@type\":\"ReadAction\",\"target\":[\"https:\/\/aide-migrants.eu\/\"]}]},{\"@type\":\"ImageObject\",\"inLanguage\":\"fr-FR\",\"@id\":\"https:\/\/aide-migrants.eu\/#primaryimage\",\"url\":\"https:\/\/aide-migrants.eu\/wp-content\/uploads\/2026\/01\/E2FFE43E-AC2B-4376-8E20-1ABF91D350A3-2.jpg\",\"contentUrl\":\"https:\/\/aide-migrants.eu\/wp-content\/uploads\/2026\/01\/E2FFE43E-AC2B-4376-8E20-1ABF91D350A3-2.jpg\",\"width\":1024,\"height\":1536},{\"@type\":\"BreadcrumbList\",\"@id\":\"https:\/\/aide-migrants.eu\/#breadcrumb\",\"itemListElement\":[{\"@type\":\"ListItem\",\"position\":1,\"name\":\"Accueil\",\"item\":\"https:\/\/aide-migrants.eu\/\"},{\"@type\":\"ListItem\",\"position\":2,\"name\":\"HAAKILO \u2013 Plateforme d\u2019innovation et d\u2019intelligence africaine\"}]},{\"@type\":\"WebSite\",\"@id\":\"https:\/\/aide-migrants.eu\/#website\",\"url\":\"https:\/\/aide-migrants.eu\/\",\"name\":\"HAAKILO\",\"description\":\"Intelligence artificielle africaine\",\"publisher\":{\"@id\":\"https:\/\/aide-migrants.eu\/#organization\"},\"potentialAction\":[{\"@type\":\"SearchAction\",\"target\":{\"@type\":\"EntryPoint\",\"urlTemplate\":\"https:\/\/aide-migrants.eu\/?s={search_term_string}\"},\"query-input\":{\"@type\":\"PropertyValueSpecification\",\"valueRequired\":true,\"valueName\":\"search_term_string\"}}],\"inLanguage\":\"fr-FR\"},{\"@type\":\"Organization\",\"@id\":\"https:\/\/aide-migrants.eu\/#organization\",\"name\":\"HAAKILO\",\"url\":\"https:\/\/aide-migrants.eu\/\",\"logo\":{\"@type\":\"ImageObject\",\"inLanguage\":\"fr-FR\",\"@id\":\"https:\/\/aide-migrants.eu\/#\/schema\/logo\/image\/\",\"url\":\"https:\/\/aide-migrants.eu\/wp-content\/uploads\/2026\/01\/cropped-E2FFE43E-AC2B-4376-8E20-1ABF91D350A3.png\",\"contentUrl\":\"https:\/\/aide-migrants.eu\/wp-content\/uploads\/2026\/01\/cropped-E2FFE43E-AC2B-4376-8E20-1ABF91D350A3.png\",\"width\":512,\"height\":512,\"caption\":\"HAAKILO\"},\"image\":{\"@id\":\"https:\/\/aide-migrants.eu\/#\/schema\/logo\/image\/\"}}]}<\/script>\n<!-- \/ Yoast SEO plugin. -->","yoast_head_json":{"title":"HAAKILO \u2013 Plateforme d\u2019innovation et d\u2019intelligence africaine - HAAKILO","description":"HAAKILO est une plateforme d\u2019aide aux migrants en Europe, offrant information, orientation et accompagnement pour faciliter l\u2019int\u00e9gration.","robots":{"index":"index","follow":"follow","max-snippet":"max-snippet:-1","max-image-preview":"max-image-preview:large","max-video-preview":"max-video-preview:-1"},"canonical":"https:\/\/aide-migrants.eu\/","og_locale":"fr_FR","og_type":"article","og_title":"HAAKILO \u2013 Plateforme d\u2019innovation et d\u2019intelligence africaine - HAAKILO","og_description":"HAAKILO est une plateforme d\u2019aide aux migrants en Europe, offrant information, orientation et accompagnement pour faciliter l\u2019int\u00e9gration.","og_url":"https:\/\/aide-migrants.eu\/","og_site_name":"HAAKILO","article_modified_time":"2026-02-01T22:12:14+00:00","og_image":[{"width":1024,"height":1536,"url":"https:\/\/aide-migrants.eu\/wp-content\/uploads\/2026\/01\/E2FFE43E-AC2B-4376-8E20-1ABF91D350A3-2.jpg","type":"image\/jpeg"}],"twitter_card":"summary_large_image","twitter_misc":{"Dur\u00e9e de lecture estim\u00e9e":"2 minutes"},"schema":{"@context":"https:\/\/schema.org","@graph":[{"@type":"WebPage","@id":"https:\/\/aide-migrants.eu\/","url":"https:\/\/aide-migrants.eu\/","name":"HAAKILO \u2013 Plateforme d\u2019innovation et d\u2019intelligence africaine - HAAKILO","isPartOf":{"@id":"https:\/\/aide-migrants.eu\/#website"},"primaryImageOfPage":{"@id":"https:\/\/aide-migrants.eu\/#primaryimage"},"image":{"@id":"https:\/\/aide-migrants.eu\/#primaryimage"},"thumbnailUrl":"https:\/\/aide-migrants.eu\/wp-content\/uploads\/2026\/01\/E2FFE43E-AC2B-4376-8E20-1ABF91D350A3-2-683x1024.jpg","datePublished":"2026-01-28T14:23:55+00:00","dateModified":"2026-02-01T22:12:14+00:00","description":"HAAKILO est une plateforme d\u2019aide aux migrants en Europe, offrant information, orientation et accompagnement pour faciliter l\u2019int\u00e9gration.","breadcrumb":{"@id":"https:\/\/aide-migrants.eu\/#breadcrumb"},"inLanguage":"fr-FR","potentialAction":[{"@type":"ReadAction","target":["https:\/\/aide-migrants.eu\/"]}]},{"@type":"ImageObject","inLanguage":"fr-FR","@id":"https:\/\/aide-migrants.eu\/#primaryimage","url":"https:\/\/aide-migrants.eu\/wp-content\/uploads\/2026\/01\/E2FFE43E-AC2B-4376-8E20-1ABF91D350A3-2.jpg","contentUrl":"https:\/\/aide-migrants.eu\/wp-content\/uploads\/2026\/01\/E2FFE43E-AC2B-4376-8E20-1ABF91D350A3-2.jpg","width":1024,"height":1536},{"@type":"BreadcrumbList","@id":"https:\/\/aide-migrants.eu\/#breadcrumb","itemListElement":[{"@type":"ListItem","position":1,"name":"Accueil","item":"https:\/\/aide-migrants.eu\/"},{"@type":"ListItem","position":2,"name":"HAAKILO \u2013 Plateforme d\u2019innovation et d\u2019intelligence africaine"}]},{"@type":"WebSite","@id":"https:\/\/aide-migrants.eu\/#website","url":"https:\/\/aide-migrants.eu\/","name":"HAAKILO","description":"Intelligence artificielle africaine","publisher":{"@id":"https:\/\/aide-migrants.eu\/#organization"},"potentialAction":[{"@type":"SearchAction","target":{"@type":"EntryPoint","urlTemplate":"https:\/\/aide-migrants.eu\/?s={search_term_string}"},"query-input":{"@type":"PropertyValueSpecification","valueRequired":true,"valueName":"search_term_string"}}],"inLanguage":"fr-FR"},{"@type":"Organization","@id":"https:\/\/aide-migrants.eu\/#organization","name":"HAAKILO","url":"https:\/\/aide-migrants.eu\/","logo":{"@type":"ImageObject","inLanguage":"fr-FR","@id":"https:\/\/aide-migrants.eu\/#\/schema\/logo\/image\/","url":"https:\/\/aide-migrants.eu\/wp-content\/uploads\/2026\/01\/cropped-E2FFE43E-AC2B-4376-8E20-1ABF91D350A3.png","contentUrl":"https:\/\/aide-migrants.eu\/wp-content\/uploads\/2026\/01\/cropped-E2FFE43E-AC2B-4376-8E20-1ABF91D350A3.png","width":512,"height":512,"caption":"HAAKILO"},"image":{"@id":"https:\/\/aide-migrants.eu\/#\/schema\/logo\/image\/"}}]}},"jetpack_sharing_enabled":true,"_links":{"self":[{"href":"https:\/\/aide-migrants.eu\/index.php\/wp-json\/wp\/v2\/pages\/8","targetHints":{"allow":["GET"]}}],"collection":[{"href":"https:\/\/aide-migrants.eu\/index.php\/wp-json\/wp\/v2\/pages"}],"about":[{"href":"https:\/\/aide-migrants.eu\/index.php\/wp-json\/wp\/v2\/types\/page"}],"author":[{"embeddable":true,"href":"https:\/\/aide-migrants.eu\/index.php\/wp-json\/wp\/v2\/users\/1"}],"replies":[{"embeddable":true,"href":"https:\/\/aide-migrants.eu\/index.php\/wp-json\/wp\/v2\/comments?post=8"}],"version-history":[{"count":14,"href":"https:\/\/aide-migrants.eu\/index.php\/wp-json\/wp\/v2\/pages\/8\/revisions"}],"predecessor-version":[{"id":49,"href":"https:\/\/aide-migrants.eu\/index.php\/wp-json\/wp\/v2\/pages\/8\/revisions\/49"}],"wp:attachment":[{"href":"https:\/\/aide-migrants.eu\/index.php\/wp-json\/wp\/v2\/media?parent=8"}],"curies":[{"name":"wp","href":"https:\/\/api.w.org\/{rel}","templated":true}]}}